{"id":5311,"date":"2022-12-09T08:51:23","date_gmt":"2022-12-09T07:51:23","guid":{"rendered":"http:\/\/villahaya.com\/?page_id=5311"},"modified":"2023-02-28T17:00:27","modified_gmt":"2023-02-28T16:00:27","slug":"pravilnik-privatnosti","status":"publish","type":"page","link":"https:\/\/villahaya.com\/de\/pravilnik-privatnosti\/","title":{"rendered":"Datenschutz-Bestimmungen"},"content":{"rendered":"<div data-elementor-type=\"wp-page\" data-elementor-id=\"5311\" class=\"elementor elementor-5311\" data-elementor-post-type=\"page\">\n\t\t\t\t\t\t<section class=\"elementor-section elementor-top-section elementor-element elementor-element-e9f6109 elementor-section-boxed elementor-section-height-default elementor-section-height-default\" data-id=\"e9f6109\" data-element_type=\"section\">\n\t\t\t\t\t\t<div class=\"elementor-container elementor-column-gap-default\">\n\t\t\t\t\t<div class=\"elementor-column elementor-col-100 elementor-top-column elementor-element elementor-element-a785fe8\" data-id=\"a785fe8\" data-element_type=\"column\">\n\t\t\t<div class=\"elementor-widget-wrap elementor-element-populated\">\n\t\t\t\t\t\t<div class=\"elementor-element elementor-element-831c3e8 elementor-widget elementor-widget-heading\" data-id=\"831c3e8\" data-element_type=\"widget\" data-widget_type=\"heading.default\">\n\t\t\t\t<div class=\"elementor-widget-container\">\n\t\t\t<h2 class=\"elementor-heading-title elementor-size-default\">Datenschutz-Bestimmungen<\/h2>\t\t<\/div>\n\t\t\t\t<\/div>\n\t\t\t\t\t<\/div>\n\t\t<\/div>\n\t\t\t\t\t<\/div>\n\t\t<\/section>\n\t\t\t\t<section class=\"elementor-section elementor-top-section elementor-element elementor-element-da5f251 elementor-section-boxed elementor-section-height-default elementor-section-height-default\" data-id=\"da5f251\" data-element_type=\"section\">\n\t\t\t\t\t\t<div class=\"elementor-container elementor-column-gap-default\">\n\t\t\t\t\t<div class=\"elementor-column elementor-col-100 elementor-top-column elementor-element elementor-element-bff76ee\" data-id=\"bff76ee\" data-element_type=\"column\">\n\t\t\t<div class=\"elementor-widget-wrap elementor-element-populated\">\n\t\t\t\t\t\t<div class=\"elementor-element elementor-element-b180a34 elementor-widget elementor-widget-text-editor\" data-id=\"b180a34\" data-element_type=\"widget\" id=\"sigurnost\" data-widget_type=\"text-editor.default\">\n\t\t\t\t<div class=\"elementor-widget-container\">\n\t\t\t\t\t\t\t<div>KRK ADRIA d.o.o. sch\u00fctzt Ihre Privatsph\u00e4re und entwickelt Technologien, die Ihnen die beste und sicherste Art der Nutzung des Internets erm\u00f6glichen. Dieses Dokument gilt f\u00fcr die Website www.visitkrk.com und regelt die Art und Weise, wie Daten gesammelt und verwendet werden.<\/div><div>\u00a0<\/div><p>Um uns beim Schutz Ihrer Privatsph\u00e4re zu helfen, lesen Sie bitte diesen Text vollst\u00e4ndig, um zu verstehen, welche Informationen wir von Ihnen sammeln und wie wir sie verwenden. Alle Fragen zum Datenschutz k\u00f6nnen an die E-Mail-Adresse gerichtet werden:<a class=\"Medium\" href=\"mailto:info@krkadria.net\">info@krkadria.net<\/a><\/p><div>\u00a0<\/div><div>Erhebung personenbezogener Daten<\/div><div>KRK ADRIA d.o.o. erhebt personenbezogene Daten wie E-Mail-Adresse, Name, Wohn- oder Gesch\u00e4ftsadresse und Telefonnummer. KRK ADRIA d.o.o. sammelt auch anonyme, nicht eindeutige demografische Informationen wie Alter, Geschlecht, Vorlieben oder Interessen.<\/div><div>\u00a0<\/div><div>KRK ADRIA d.o.o. Es sammelt auch automatisch Informationen \u00fcber die Festplatte oder Software Ihres Computers. Zu diesen Daten k\u00f6nnen geh\u00f6ren: Ihre IP-Adresse, Browsertyp, Dom\u00e4nenname, Zugriffszeit und Website-Adressen. Mit diesen Daten kann KRK ADRIA d.o.o. verwendet, um seine Dienste anbieten zu k\u00f6nnen, deren Qualit\u00e4t aufrechtzuerhalten und allgemeine statistische Daten in Bezug auf die Nutzung der Website zu erhalten.<\/div><div>\u00a0<\/div><div>Einsatz von Cookies (Cookies)<\/div><div>Website von KRK ADRIA d.o.o. Cookies-Dateien werden verwendet, um Ihre Nutzung des Internets an Ihre Bed\u00fcrfnisse anzupassen. Ein Cookie ist eine Textdatei, die ein Website-Server auf Ihrer Festplatte speichert. Cookie-Dateien k\u00f6nnen nicht verwendet werden, um Programme auszuf\u00fchren oder Viren in Ihren Computer einzuschleusen. Cookie-Dateien werden individuell zugeordnet und k\u00f6nnen nur vom Server der Website in der Dom\u00e4ne gelesen werden, die eine solche Datei gespeichert hat.<\/div><div>\u00a0<\/div><div>Zweck von Cookies<\/div><div>Wenn Sie eine bestimmte Seite aufrufen, senden wir Ihnen Cookies, die auf Ihrem Computer gespeichert werden und dazu dienen, Informationen \u00fcber Ihre vorherigen Besuche aufzuzeichnen (z. B. wie oft Sie die Seiten aufgerufen haben usw.). Das bedeutet, dass wir bei jedem n\u00e4chsten Zugriff auf die Website nach Ihrem Cookie suchen, um die darin geschriebenen Daten zu lesen. Das Cookie enth\u00e4lt keine personenbezogenen Daten von Ihnen, erm\u00f6glicht jedoch eine schnellere und effizientere Aktivierung von Informationen, Daten und Einstellungen, die Sie zuvor beim Aufrufen und Verwenden der Website mitgeteilt haben. Auf unsere Cookies auf Ihrem Computer kann von einer Website, die nicht Teil unserer Website ist, nicht zugegriffen werden.<\/div><div>\u00a0<\/div><div>KRK ADRIA d.o.o. \u00fcberwacht statistische Besuche auf seinen Seiten ausschlie\u00dflich zu dem Zweck, notwendige Informationen \u00fcber die Attraktivit\u00e4t und den Erfolg seiner Seiten zu erhalten, und verwendet einen Drittanbieterdienst namens Google Analytics. Ausf\u00fchrliche Informationen von Drittanbietern zu diesem Dienst sowie zu den M\u00f6glichkeiten des Benutzers, die hierf\u00fcr erforderlichen Cookie-Einstellungen zu regulieren, finden Sie unter:<a href=\"http:\/\/www.google.com\/analytics\/learn\/privacy.html\">http:\/\/www.google.com\/analytics\/learn\/privacy.html<\/a>.<\/div><div>\u00a0<\/div><div>Keine Kekse (Cookies)<\/div><div>Wenn Sie ihrer Verwendung nicht zustimmen, k\u00f6nnen Sie Cookies auf Ihrem Computer einfach l\u00f6schen (oder verhindern), indem Sie diese Option im Men\u00fc Extras\/Optionen Ihres Browsers ausw\u00e4hlen. Weitere Informationen zur Cookie-Verwaltung finden Sie auf den Seiten des von Ihnen verwendeten Browsers oder unter<a href=\"http:\/\/www.allaboutcookies.org\/\">www.allaboutcookies.org<\/a>.<\/div><div>\u00a0<\/div><div>Verwendung Ihrer pers\u00f6nlichen Daten<\/div><div>KRK ADRIA d.o.o. sammelt Ihre pers\u00f6nlichen Daten und verwendet sie, um die Website zu pflegen und Ihnen die von Ihnen angeforderten Dienste bereitzustellen. Ihre personenbezogenen Daten werden auch verwendet, um Sie \u00fcber andere Produkte oder Dienstleistungen von KRK ADRIA d.o.o. zu informieren.\u00a0<\/div><div>\u00a0<\/div><div>KRK ADRIA d.o.o. wird keine Daten an Dritte weitergeben. KRK ADRIA d.o.o. wird Benutzerlisten nicht an Dritte verkaufen oder vermieten, es sei denn, es hat Ihre Erlaubnis. KRK ADRIA d.o.o. kann Sie von gelegentlich im Namen anderer Gesch\u00e4ftspartner \u00fcber ein spezielles Angebot informieren, das Sie vielleicht interessieren k\u00f6nnte. Diesen Dritten ist es nicht gestattet, Ihre personenbezogenen Daten zu verwenden, au\u00dfer zum Zweck der Erbringung dieser Dienstleistungen f\u00fcr KRK ADRIA, und sie sind verpflichtet, die Vertraulichkeit der Daten zu wahren.<\/div><div>\u00a0<\/div><div>Sicherheit Ihrer pers\u00f6nlichen Daten<\/div><div>KRK ADRIA d.o.o. sch\u00fctzt Ihre pers\u00f6nlichen Daten vor unbefugtem Zugriff, Verwendung oder Offenlegung. Wenn pers\u00f6nliche Daten (z. B. eine Kreditkartennummer) \u00fcber die Website \u00fcbertragen werden, werden sie durch eine sichere Verschl\u00fcsselung wie Secure Socket Layer (SSL) gesch\u00fctzt.<\/div><div>\u00a0<\/div><div>Ihre personenbezogenen Daten werden auf einem Server gespeichert, auf den nur ausgew\u00e4hlte Personen und Dienstleister zugreifen k\u00f6nnen.\u00a0<\/div><div>\u00a0<\/div><div>Andere Websites, auf die \u00fcber unsere Websites zugegriffen werden kann, haben ihre eigenen Erkl\u00e4rungen zum Datenschutz und zur Datenerfassung und zu den Arten ihrer Verwendung und Ver\u00f6ffentlichung auf ihnen und KRK ADRIA d.o.o. ist nicht verantwortlich f\u00fcr die Methode und die Bedingungen der Erhebung und Verarbeitung durch Dritte.<\/div>\t\t\t\t\t\t<\/div>\n\t\t\t\t<\/div>\n\t\t\t\t\t<\/div>\n\t\t<\/div>\n\t\t\t\t\t<\/div>\n\t\t<\/section>\n\t\t\t\t<\/div>","protected":false},"excerpt":{"rendered":"<p>Pravilnik privatnosti KRK ADRIA d.o.o. \u0161titi va\u0161u privatnost i razvija tehnologiju koja vam omogu\u0107ava najbolji i siguran na\u010din kori\u0161tenja interneta&#8230;. <span class=\"knsl-el-more\"><a href=\"https:\/\/villahaya.com\/de\/pravilnik-privatnosti\/\" class=\"knsl-btn\">Read more<\/a><\/span><\/p>","protected":false},"author":1,"featured_media":0,"parent":0,"menu_order":0,"comment_status":"closed","ping_status":"closed","template":"elementor_header_footer","meta":{"footnotes":""},"class_list":["post-5311","page","type-page","status-publish","hentry"],"acf":[],"_links":{"self":[{"href":"https:\/\/villahaya.com\/de\/wp-json\/wp\/v2\/pages\/5311","targetHints":{"allow":["GET"]}}],"collection":[{"href":"https:\/\/villahaya.com\/de\/wp-json\/wp\/v2\/pages"}],"about":[{"href":"https:\/\/villahaya.com\/de\/wp-json\/wp\/v2\/types\/page"}],"author":[{"embeddable":true,"href":"https:\/\/villahaya.com\/de\/wp-json\/wp\/v2\/users\/1"}],"replies":[{"embeddable":true,"href":"https:\/\/villahaya.com\/de\/wp-json\/wp\/v2\/comments?post=5311"}],"version-history":[{"count":16,"href":"https:\/\/villahaya.com\/de\/wp-json\/wp\/v2\/pages\/5311\/revisions"}],"predecessor-version":[{"id":6476,"href":"https:\/\/villahaya.com\/de\/wp-json\/wp\/v2\/pages\/5311\/revisions\/6476"}],"wp:attachment":[{"href":"https:\/\/villahaya.com\/de\/wp-json\/wp\/v2\/media?parent=5311"}],"curies":[{"name":"wp","href":"https:\/\/api.w.org\/{rel}","templated":true}]}}