{"id":5355,"date":"2022-12-09T10:22:10","date_gmt":"2022-12-09T09:22:10","guid":{"rendered":"http:\/\/villahaya.com\/?page_id=5355"},"modified":"2023-03-01T16:33:33","modified_gmt":"2023-03-01T15:33:33","slug":"o-krku","status":"publish","type":"page","link":"https:\/\/villahaya.com\/de\/o-krku\/","title":{"rendered":"\u00dcber Krk"},"content":{"rendered":"<div data-elementor-type=\"wp-page\" data-elementor-id=\"5355\" class=\"elementor elementor-5355\" data-elementor-post-type=\"page\">\n\t\t\t\t\t\t<section class=\"elementor-section elementor-top-section elementor-element elementor-element-561d24f7 elementor-section-content-middle elementor-reverse-mobile elementor-section-boxed elementor-section-height-default elementor-section-height-default\" data-id=\"561d24f7\" data-element_type=\"section\">\n\t\t\t\t\t\t<div class=\"elementor-container elementor-column-gap-no\">\n\t\t\t\t\t<div class=\"elementor-column elementor-col-100 elementor-top-column elementor-element elementor-element-5f5077ad\" data-id=\"5f5077ad\" data-element_type=\"column\">\n\t\t\t<div class=\"elementor-widget-wrap elementor-element-populated\">\n\t\t\t\t\t\t<div class=\"elementor-element elementor-element-7961585f elementor-widget elementor-widget-heading\" data-id=\"7961585f\" data-element_type=\"widget\" data-widget_type=\"heading.default\">\n\t\t\t\t<div class=\"elementor-widget-container\">\n\t\t\t<h4 class=\"elementor-heading-title elementor-size-default\">\u00dcber Krk<\/h4>\t\t<\/div>\n\t\t\t\t<\/div>\n\t\t\t\t<div class=\"elementor-element elementor-element-56dc9e4f elementor-widget elementor-widget-text-editor\" data-id=\"56dc9e4f\" data-element_type=\"widget\" data-widget_type=\"text-editor.default\">\n\t\t\t\t<div class=\"elementor-widget-container\">\n\t\t\t\t\t\t\t<p>Die Insel Krk ist die n\u00f6rdlichste Insel im Mittelmeer und liegt in der Kvarner Bucht. Mit einer Fl\u00e4che von 409,9 km2 ist sie die gr\u00f6\u00dfte Insel der Adria. Es gibt etwa zwanzig kleine Inseln, Felsen und Riffe rund um die Insel. Krk ist die Insel mit den bev\u00f6lkerungsreichsten Orten, es gibt insgesamt 68. Heute leben 19.383 Einwohner auf der Insel (Volksz\u00e4hlung 2011). Die traditionelle Lebensweise der Inselbewohner ist mit dem Meer (Fischerei, Seefahrt, Schiffsbau), Landwirtschaft und Viehzucht, insbesondere Schafzucht, verbunden und hat sich neben anderen neueren Aktivit\u00e4ten bis heute auf der Insel erhalten.<\/p><p>Erkunden Sie die Goldene Insel Krk, nutzen Sie ihre N\u00e4he und Erreichbarkeit, entdecken Sie ihre reiche Geschichte und Tradition anhand sch\u00f6ner Geschichten und interessanter Dinge, die sie wunderbar und geheimnisvoll machen, oder finden Sie Ihren Lieblingsstrand voller Ger\u00e4usche, Ger\u00fcche und Farben ...<\/p>\t\t\t\t\t\t<\/div>\n\t\t\t\t<\/div>\n\t\t\t\t\t<\/div>\n\t\t<\/div>\n\t\t\t\t\t<\/div>\n\t\t<\/section>\n\t\t\t\t<section class=\"elementor-section elementor-top-section elementor-element elementor-element-5eff66a2 elementor-section-content-middle elementor-section-boxed elementor-section-height-default elementor-section-height-default\" data-id=\"5eff66a2\" data-element_type=\"section\">\n\t\t\t\t\t\t<div class=\"elementor-container elementor-column-gap-no\">\n\t\t\t\t\t<div class=\"elementor-column elementor-col-100 elementor-top-column elementor-element elementor-element-44e42984\" data-id=\"44e42984\" data-element_type=\"column\">\n\t\t\t<div class=\"elementor-widget-wrap elementor-element-populated\">\n\t\t\t\t\t\t<div class=\"elementor-element elementor-element-505f04a elementor-widget-divider--view-line elementor-widget elementor-widget-divider\" data-id=\"505f04a\" data-element_type=\"widget\" data-widget_type=\"divider.default\">\n\t\t\t\t<div class=\"elementor-widget-container\">\n\t\t\t\t\t<div class=\"elementor-divider\">\n\t\t\t<span class=\"elementor-divider-separator\">\n\t\t\t\t\t\t<\/span>\n\t\t<\/div>\n\t\t\t\t<\/div>\n\t\t\t\t<\/div>\n\t\t\t\t<div class=\"elementor-element elementor-element-696ff27d elementor-widget elementor-widget-heading\" data-id=\"696ff27d\" data-element_type=\"widget\" data-widget_type=\"heading.default\">\n\t\t\t\t<div class=\"elementor-widget-container\">\n\t\t\t<h4 class=\"elementor-heading-title elementor-size-default\">Erkunden Sie Krk<\/h4>\t\t<\/div>\n\t\t\t\t<\/div>\n\t\t\t\t<section class=\"elementor-section elementor-inner-section elementor-element elementor-element-1b035245 elementor-section-content-middle elementor-section-boxed elementor-section-height-default elementor-section-height-default\" data-id=\"1b035245\" data-element_type=\"section\">\n\t\t\t\t\t\t<div class=\"elementor-container elementor-column-gap-no\">\n\t\t\t\t\t<div class=\"elementor-column elementor-col-50 elementor-inner-column elementor-element elementor-element-589a136b\" data-id=\"589a136b\" data-element_type=\"column\">\n\t\t\t<div class=\"elementor-widget-wrap elementor-element-populated\">\n\t\t\t\t\t\t<div class=\"elementor-element elementor-element-3b7b3ce1 elementor-widget elementor-widget-image\" data-id=\"3b7b3ce1\" data-element_type=\"widget\" data-widget_type=\"image.default\">\n\t\t\t\t<div class=\"elementor-widget-container\">\n\t\t\t\t\t\t\t\t\t\t\t\t\t<img fetchpriority=\"high\" decoding=\"async\" width=\"900\" height=\"600\" src=\"https:\/\/villahaya.com\/wp-content\/uploads\/2023\/03\/adventure-for-everyone.jpeg\" class=\"attachment-large size-large wp-image-6525\" alt=\"\" srcset=\"https:\/\/villahaya.com\/wp-content\/uploads\/2023\/03\/adventure-for-everyone.jpeg 960w, https:\/\/villahaya.com\/wp-content\/uploads\/2023\/03\/adventure-for-everyone-300x200.jpeg 300w, https:\/\/villahaya.com\/wp-content\/uploads\/2023\/03\/adventure-for-everyone-768x512.jpeg 768w, https:\/\/villahaya.com\/wp-content\/uploads\/2023\/03\/adventure-for-everyone-18x12.jpeg 18w, https:\/\/villahaya.com\/wp-content\/uploads\/2023\/03\/adventure-for-everyone-950x633.jpeg 950w, https:\/\/villahaya.com\/wp-content\/uploads\/2023\/03\/adventure-for-everyone-800x533.jpeg 800w\" sizes=\"(max-width: 900px) 100vw, 900px\" \/>\t\t\t\t\t\t\t\t\t\t\t\t\t<\/div>\n\t\t\t\t<\/div>\n\t\t\t\t\t<\/div>\n\t\t<\/div>\n\t\t\t\t<div class=\"elementor-column elementor-col-50 elementor-inner-column elementor-element elementor-element-1cd19c2f\" data-id=\"1cd19c2f\" data-element_type=\"column\" data-settings=\"{&quot;background_background&quot;:&quot;classic&quot;}\">\n\t\t\t<div class=\"elementor-widget-wrap elementor-element-populated\">\n\t\t\t\t\t\t<div class=\"elementor-element elementor-element-178dfdbd elementor-widget elementor-widget-heading\" data-id=\"178dfdbd\" data-element_type=\"widget\" data-widget_type=\"heading.default\">\n\t\t\t\t<div class=\"elementor-widget-container\">\n\t\t\t<h2 class=\"elementor-heading-title elementor-size-default\">Aktivit\u00e4ten f\u00fcr die Familie auf der Insel Krk<\/h2>\t\t<\/div>\n\t\t\t\t<\/div>\n\t\t\t\t<div class=\"elementor-element elementor-element-72c054f5 elementor-widget elementor-widget-text-editor\" data-id=\"72c054f5\" data-element_type=\"widget\" data-widget_type=\"text-editor.default\">\n\t\t\t\t<div class=\"elementor-widget-container\">\n\t\t\t\t\t\t\t<p>Es besteht kein Zweifel, dass Kroatien zum TOP-Urlaubsziel f\u00fcr alle Partyg\u00e4nger, Geschichtsliebhaber und Familien geworden ist. Hier auf der Insel Krk sind wir stolz darauf, ein Reiseziel f\u00fcr Familien zu sein, und wie k\u00f6nnte das auch anders sein? Mit sicheren Str\u00e4nden, Vergn\u00fcgungsparks und Aquarien bietet die Insel Krk jede Menge Unterhaltung f\u00fcr Reisende mit Babys, Kindern und Jugendlichen.<\/p>\t\t\t\t\t\t<\/div>\n\t\t\t\t<\/div>\n\t\t\t\t<div class=\"elementor-element elementor-element-99df3fe elementor-widget elementor-widget-heading\" data-id=\"99df3fe\" data-element_type=\"widget\" data-widget_type=\"heading.default\">\n\t\t\t\t<div class=\"elementor-widget-container\">\n\t\t\t<h2 class=\"elementor-heading-title elementor-size-default\"><a href=\"https:\/\/visitkrk.com\/hr\/blog\/aktivnosti-za-obitelj-na-otoku-krku\"><u>Finde mehr heraus<\/u><\/a><\/h2>\t\t<\/div>\n\t\t\t\t<\/div>\n\t\t\t\t\t<\/div>\n\t\t<\/div>\n\t\t\t\t\t<\/div>\n\t\t<\/section>\n\t\t\t\t<section class=\"elementor-section elementor-inner-section elementor-element elementor-element-50161797 elementor-section-content-middle elementor-reverse-mobile elementor-section-boxed elementor-section-height-default elementor-section-height-default\" data-id=\"50161797\" data-element_type=\"section\">\n\t\t\t\t\t\t<div class=\"elementor-container elementor-column-gap-no\">\n\t\t\t\t\t<div class=\"elementor-column elementor-col-50 elementor-inner-column elementor-element elementor-element-5dbecf2e\" data-id=\"5dbecf2e\" data-element_type=\"column\" data-settings=\"{&quot;background_background&quot;:&quot;classic&quot;}\">\n\t\t\t<div class=\"elementor-widget-wrap elementor-element-populated\">\n\t\t\t\t\t\t<div class=\"elementor-element elementor-element-3a5ff56 elementor-widget elementor-widget-heading\" data-id=\"3a5ff56\" data-element_type=\"widget\" data-widget_type=\"heading.default\">\n\t\t\t\t<div class=\"elementor-widget-container\">\n\t\t\t<h2 class=\"elementor-heading-title elementor-size-default\">TOP 3 versteckte Str\u00e4nde auf der Insel Krk<\/h2>\t\t<\/div>\n\t\t\t\t<\/div>\n\t\t\t\t<div class=\"elementor-element elementor-element-2d636965 elementor-widget elementor-widget-text-editor\" data-id=\"2d636965\" data-element_type=\"widget\" data-widget_type=\"text-editor.default\">\n\t\t\t\t<div class=\"elementor-widget-container\">\n\t\t\t\t\t\t\t<p>Einige der sch\u00f6nsten Str\u00e4nde der Welt befinden sich auf Krk, einer Insel umgeben von kristallklarem Meer, weshalb sie auch die \u201eInsel mit der blauen Flagge\u201c genannt wird. Dort gibt es viele Str\u00e4nde, einige sind \u00f6ffentlich und leicht zug\u00e4nglich, andere liegen versteckt in Buchten, die nur mit dem Boot erreichbar sind. Wir haben eine Liste der etwas versteckten, aber paradiesischen Str\u00e4nde zusammengestellt \u2013 hier sind unsere TOP 3 versteckten Str\u00e4nde auf der Insel Krk!<\/p>\t\t\t\t\t\t<\/div>\n\t\t\t\t<\/div>\n\t\t\t\t<div class=\"elementor-element elementor-element-827aa37 elementor-widget elementor-widget-heading\" data-id=\"827aa37\" data-element_type=\"widget\" data-widget_type=\"heading.default\">\n\t\t\t\t<div class=\"elementor-widget-container\">\n\t\t\t<h2 class=\"elementor-heading-title elementor-size-default\"><a href=\"https:\/\/visitkrk.com\/hr\/blog\/top-3-skrivene-plaze-na-otoku-krku\"><u>Finde mehr heraus<\/u><\/a><\/h2>\t\t<\/div>\n\t\t\t\t<\/div>\n\t\t\t\t\t<\/div>\n\t\t<\/div>\n\t\t\t\t<div class=\"elementor-column elementor-col-50 elementor-inner-column elementor-element elementor-element-78dc7734\" data-id=\"78dc7734\" data-element_type=\"column\">\n\t\t\t<div class=\"elementor-widget-wrap elementor-element-populated\">\n\t\t\t\t\t\t<div class=\"elementor-element elementor-element-20c026da elementor-widget elementor-widget-image\" data-id=\"20c026da\" data-element_type=\"widget\" data-widget_type=\"image.default\">\n\t\t\t\t<div class=\"elementor-widget-container\">\n\t\t\t\t\t\t\t\t\t\t\t\t\t<img decoding=\"async\" width=\"847\" height=\"565\" src=\"https:\/\/villahaya.com\/wp-content\/uploads\/2023\/03\/image8.jpg\" class=\"attachment-large size-large wp-image-6527\" alt=\"\" srcset=\"https:\/\/villahaya.com\/wp-content\/uploads\/2023\/03\/image8.jpg 847w, https:\/\/villahaya.com\/wp-content\/uploads\/2023\/03\/image8-300x200.jpg 300w, https:\/\/villahaya.com\/wp-content\/uploads\/2023\/03\/image8-768x512.jpg 768w, https:\/\/villahaya.com\/wp-content\/uploads\/2023\/03\/image8-18x12.jpg 18w, https:\/\/villahaya.com\/wp-content\/uploads\/2023\/03\/image8-800x534.jpg 800w\" sizes=\"(max-width: 847px) 100vw, 847px\" \/>\t\t\t\t\t\t\t\t\t\t\t\t\t<\/div>\n\t\t\t\t<\/div>\n\t\t\t\t\t<\/div>\n\t\t<\/div>\n\t\t\t\t\t<\/div>\n\t\t<\/section>\n\t\t\t\t<section class=\"elementor-section elementor-inner-section elementor-element elementor-element-e9a546e elementor-section-content-middle elementor-section-boxed elementor-section-height-default elementor-section-height-default\" data-id=\"e9a546e\" data-element_type=\"section\">\n\t\t\t\t\t\t<div class=\"elementor-container elementor-column-gap-no\">\n\t\t\t\t\t<div class=\"elementor-column elementor-col-50 elementor-inner-column elementor-element elementor-element-ba26d38\" data-id=\"ba26d38\" data-element_type=\"column\">\n\t\t\t<div class=\"elementor-widget-wrap elementor-element-populated\">\n\t\t\t\t\t\t<div class=\"elementor-element elementor-element-08ef576 elementor-widget elementor-widget-image\" data-id=\"08ef576\" data-element_type=\"widget\" data-widget_type=\"image.default\">\n\t\t\t\t<div class=\"elementor-widget-container\">\n\t\t\t\t\t\t\t\t\t\t\t\t\t<img decoding=\"async\" width=\"800\" height=\"450\" src=\"https:\/\/villahaya.com\/wp-content\/uploads\/2023\/03\/thumb_72_800_0_0_0_auto.jpeg\" class=\"attachment-large size-large wp-image-6528\" alt=\"\" srcset=\"https:\/\/villahaya.com\/wp-content\/uploads\/2023\/03\/thumb_72_800_0_0_0_auto.jpeg 800w, https:\/\/villahaya.com\/wp-content\/uploads\/2023\/03\/thumb_72_800_0_0_0_auto-300x169.jpeg 300w, https:\/\/villahaya.com\/wp-content\/uploads\/2023\/03\/thumb_72_800_0_0_0_auto-768x432.jpeg 768w, https:\/\/villahaya.com\/wp-content\/uploads\/2023\/03\/thumb_72_800_0_0_0_auto-18x10.jpeg 18w\" sizes=\"(max-width: 800px) 100vw, 800px\" \/>\t\t\t\t\t\t\t\t\t\t\t\t\t<\/div>\n\t\t\t\t<\/div>\n\t\t\t\t\t<\/div>\n\t\t<\/div>\n\t\t\t\t<div class=\"elementor-column elementor-col-50 elementor-inner-column elementor-element elementor-element-3e15811\" data-id=\"3e15811\" data-element_type=\"column\" data-settings=\"{&quot;background_background&quot;:&quot;classic&quot;}\">\n\t\t\t<div class=\"elementor-widget-wrap elementor-element-populated\">\n\t\t\t\t\t\t<div class=\"elementor-element elementor-element-316a1c0 elementor-widget elementor-widget-heading\" data-id=\"316a1c0\" data-element_type=\"widget\" data-widget_type=\"heading.default\">\n\t\t\t\t<div class=\"elementor-widget-container\">\n\t\t\t<h2 class=\"elementor-heading-title elementor-size-default\">Auf der Insel Krk k\u00f6nnen Sie beides haben \u2013 einen aktiven Urlaub \/ puren Hedonismus<\/h2>\t\t<\/div>\n\t\t\t\t<\/div>\n\t\t\t\t<div class=\"elementor-element elementor-element-f6b2fdf elementor-widget elementor-widget-text-editor\" data-id=\"f6b2fdf\" data-element_type=\"widget\" data-widget_type=\"text-editor.default\">\n\t\t\t\t<div class=\"elementor-widget-container\">\n\t\t\t\t\t\t\t<p>Im Sommer verwandelt sich die Stadt Krk in einen sehr interessanten Ort mit zahlreichen Festivals und Konzerten. Das ganze Jahr \u00fcber bietet es seinen G\u00e4sten interessante Einrichtungen, mildes Klima, Erholung und viel Gr\u00fcn. Das Innere der Insel ist von Radwegen durchzogen, die Radfahrer dazu herausfordern, die Landschaft und das gastronomische Angebot zu erkunden.\u00a0<\/p>\t\t\t\t\t\t<\/div>\n\t\t\t\t<\/div>\n\t\t\t\t<div class=\"elementor-element elementor-element-8ab6609 elementor-widget elementor-widget-heading\" data-id=\"8ab6609\" data-element_type=\"widget\" data-widget_type=\"heading.default\">\n\t\t\t\t<div class=\"elementor-widget-container\">\n\t\t\t<h2 class=\"elementor-heading-title elementor-size-default\"><a href=\"https:\/\/visitkrk.com\/hr\/blog\/na-otoku-krku-mozete-imati-oboje-aktivni-odmor-cisti-hedonizam\"><u>Finde mehr heraus<\/u><\/a><\/h2>\t\t<\/div>\n\t\t\t\t<\/div>\n\t\t\t\t\t<\/div>\n\t\t<\/div>\n\t\t\t\t\t<\/div>\n\t\t<\/section>\n\t\t\t\t<section class=\"elementor-section elementor-inner-section elementor-element elementor-element-5ea455b elementor-section-content-middle elementor-reverse-mobile elementor-section-boxed elementor-section-height-default elementor-section-height-default\" data-id=\"5ea455b\" data-element_type=\"section\">\n\t\t\t\t\t\t<div class=\"elementor-container elementor-column-gap-no\">\n\t\t\t\t\t<div class=\"elementor-column elementor-col-50 elementor-inner-column elementor-element elementor-element-fd5eced\" data-id=\"fd5eced\" data-element_type=\"column\" data-settings=\"{&quot;background_background&quot;:&quot;classic&quot;}\">\n\t\t\t<div class=\"elementor-widget-wrap elementor-element-populated\">\n\t\t\t\t\t\t<div class=\"elementor-element elementor-element-a377a20 elementor-widget elementor-widget-heading\" data-id=\"a377a20\" data-element_type=\"widget\" data-widget_type=\"heading.default\">\n\t\t\t\t<div class=\"elementor-widget-container\">\n\t\t\t<h2 class=\"elementor-heading-title elementor-size-default\">Die Insel Krk bietet alles \u2013 einen Urlaub nah an der Zivilisation, aber auch einen Urlaub fernab der Zivilisation<\/h2>\t\t<\/div>\n\t\t\t\t<\/div>\n\t\t\t\t<div class=\"elementor-element elementor-element-2c3540e elementor-widget elementor-widget-text-editor\" data-id=\"2c3540e\" data-element_type=\"widget\" data-widget_type=\"text-editor.default\">\n\t\t\t\t<div class=\"elementor-widget-container\">\n\t\t\t\t\t\t\t<p>Auf der Insel Krk ist die Stadt Krk das administrative, politische, wirtschaftliche und religi\u00f6se Zentrum. Wir wissen, dass die pr\u00e4historische Stadt Curicta (Krk) durch Mauern befestigt war, die seit dem Ende des 15. Jahrhunderts, also seit Beginn der venezianischen Herrschaft auf der Insel, st\u00e4ndig gebaut und renoviert wurden.<\/p>\t\t\t\t\t\t<\/div>\n\t\t\t\t<\/div>\n\t\t\t\t<div class=\"elementor-element elementor-element-1d08b52 elementor-widget elementor-widget-heading\" data-id=\"1d08b52\" data-element_type=\"widget\" data-widget_type=\"heading.default\">\n\t\t\t\t<div class=\"elementor-widget-container\">\n\t\t\t<h2 class=\"elementor-heading-title elementor-size-default\"><a href=\"https:\/\/visitkrk.com\/hr\/blog\/otok-krk-nudi-svasta-odmor-blizu-civilizacije-ali-i-odmor-daleko-od-civilizacije\"><u>Finde mehr heraus<\/u><\/a><\/h2>\t\t<\/div>\n\t\t\t\t<\/div>\n\t\t\t\t\t<\/div>\n\t\t<\/div>\n\t\t\t\t<div class=\"elementor-column elementor-col-50 elementor-inner-column elementor-element elementor-element-5aee7ed\" data-id=\"5aee7ed\" data-element_type=\"column\">\n\t\t\t<div class=\"elementor-widget-wrap elementor-element-populated\">\n\t\t\t\t\t\t<div class=\"elementor-element elementor-element-8cdbe19 elementor-widget elementor-widget-image\" data-id=\"8cdbe19\" data-element_type=\"widget\" data-widget_type=\"image.default\">\n\t\t\t\t<div class=\"elementor-widget-container\">\n\t\t\t\t\t\t\t\t\t\t\t\t\t<img loading=\"lazy\" decoding=\"async\" width=\"800\" height=\"531\" src=\"https:\/\/villahaya.com\/wp-content\/uploads\/2023\/03\/thumb_68_800_0_0_0_auto.jpeg\" class=\"attachment-large size-large wp-image-6529\" alt=\"\" srcset=\"https:\/\/villahaya.com\/wp-content\/uploads\/2023\/03\/thumb_68_800_0_0_0_auto.jpeg 800w, https:\/\/villahaya.com\/wp-content\/uploads\/2023\/03\/thumb_68_800_0_0_0_auto-300x199.jpeg 300w, https:\/\/villahaya.com\/wp-content\/uploads\/2023\/03\/thumb_68_800_0_0_0_auto-768x510.jpeg 768w, https:\/\/villahaya.com\/wp-content\/uploads\/2023\/03\/thumb_68_800_0_0_0_auto-18x12.jpeg 18w\" sizes=\"(max-width: 800px) 100vw, 800px\" \/>\t\t\t\t\t\t\t\t\t\t\t\t\t<\/div>\n\t\t\t\t<\/div>\n\t\t\t\t\t<\/div>\n\t\t<\/div>\n\t\t\t\t\t<\/div>\n\t\t<\/section>\n\t\t\t\t\t<\/div>\n\t\t<\/div>\n\t\t\t\t\t<\/div>\n\t\t<\/section>\n\t\t\t\t<\/div>","protected":false},"excerpt":{"rendered":"<p>O Krku Otok Krk je najsjeverniji otok na Mediteranu, nalazi se u Kvarnerskom zaljevu. Najve\u0107i je otok na Jadranu, povr\u0161ine&#8230; <span class=\"knsl-el-more\"><a href=\"https:\/\/villahaya.com\/de\/o-krku\/\" class=\"knsl-btn\">Read more<\/a><\/span><\/p>","protected":false},"author":1,"featured_media":0,"parent":0,"menu_order":0,"comment_status":"closed","ping_status":"closed","template":"elementor_header_footer","meta":{"footnotes":""},"class_list":["post-5355","page","type-page","status-publish","hentry"],"acf":[],"_links":{"self":[{"href":"https:\/\/villahaya.com\/de\/wp-json\/wp\/v2\/pages\/5355","targetHints":{"allow":["GET"]}}],"collection":[{"href":"https:\/\/villahaya.com\/de\/wp-json\/wp\/v2\/pages"}],"about":[{"href":"https:\/\/villahaya.com\/de\/wp-json\/wp\/v2\/types\/page"}],"author":[{"embeddable":true,"href":"https:\/\/villahaya.com\/de\/wp-json\/wp\/v2\/users\/1"}],"replies":[{"embeddable":true,"href":"https:\/\/villahaya.com\/de\/wp-json\/wp\/v2\/comments?post=5355"}],"version-history":[{"count":37,"href":"https:\/\/villahaya.com\/de\/wp-json\/wp\/v2\/pages\/5355\/revisions"}],"predecessor-version":[{"id":6650,"href":"https:\/\/villahaya.com\/de\/wp-json\/wp\/v2\/pages\/5355\/revisions\/6650"}],"wp:attachment":[{"href":"https:\/\/villahaya.com\/de\/wp-json\/wp\/v2\/media?parent=5355"}],"curies":[{"name":"wp","href":"https:\/\/api.w.org\/{rel}","templated":true}]}}