{"id":5992,"date":"2022-12-09T10:22:10","date_gmt":"2022-12-09T09:22:10","guid":{"rendered":"http:\/\/villahaya.com\/about-krk\/"},"modified":"2022-12-12T11:09:31","modified_gmt":"2022-12-12T10:09:31","slug":"about-krk","status":"publish","type":"page","link":"https:\/\/villahaya.com\/en\/about-krk\/","title":{"rendered":"About Krk"},"content":{"rendered":"<div data-elementor-type=\"wp-page\" data-elementor-id=\"5992\" class=\"elementor elementor-5992\" data-elementor-post-type=\"page\">\n\t\t\t\t\t\t<section class=\"elementor-section elementor-top-section elementor-element elementor-element-561d24f7 elementor-section-content-middle elementor-reverse-mobile elementor-section-boxed elementor-section-height-default elementor-section-height-default\" data-id=\"561d24f7\" data-element_type=\"section\">\n\t\t\t\t\t\t<div class=\"elementor-container elementor-column-gap-no\">\n\t\t\t\t\t<div class=\"elementor-column elementor-col-100 elementor-top-column elementor-element elementor-element-5f5077ad\" data-id=\"5f5077ad\" data-element_type=\"column\">\n\t\t\t<div class=\"elementor-widget-wrap elementor-element-populated\">\n\t\t\t\t\t\t<div class=\"elementor-element elementor-element-7961585f elementor-widget elementor-widget-heading\" data-id=\"7961585f\" data-element_type=\"widget\" data-widget_type=\"heading.default\">\n\t\t\t\t<div class=\"elementor-widget-container\">\n\t\t\t<h4 class=\"elementor-heading-title elementor-size-default\">About Krk<\/h4>\t\t<\/div>\n\t\t\t\t<\/div>\n\t\t\t\t<div class=\"elementor-element elementor-element-56dc9e4f elementor-widget__width-inherit elementor-widget elementor-widget-text-editor\" data-id=\"56dc9e4f\" data-element_type=\"widget\" data-widget_type=\"text-editor.default\">\n\t\t\t\t<div class=\"elementor-widget-container\">\n\t\t\t\t\t\t\t<p>The island of Krk is the northernmost island in the Mediterranean, located in the Kvarner Bay. It is the largest island in the Adriatic, with an area of \u200b\u200b409.9 km2. There are about twenty islets, rocks and reefs around the island. Krk is the island with the most populated places, there are a total of 68. Today, 19,383 inhabitants live on the island (2011 census). The traditional way of life of the islanders is linked to the sea (fishing, seafaring, shipbuilding), agriculture and animal husbandry, especially sheep breeding, and this, along with other more recent activities, has remained on the island until today.<\/p>\n<p>Explore the Golden Island of Krk, take advantage of its proximity and accessibility, discover its rich history and tradition through beautiful stories and interesting things that make it wonderful and mysterious, or find your favorite beach full of sounds, smells and colors&#8230;<\/p>\n\t\t\t\t\t\t<\/div>\n\t\t\t\t<\/div>\n\t\t\t\t\t<\/div>\n\t\t<\/div>\n\t\t\t\t\t<\/div>\n\t\t<\/section>\n\t\t\t\t<section class=\"elementor-section elementor-top-section elementor-element elementor-element-5eff66a2 elementor-section-content-middle elementor-section-boxed elementor-section-height-default elementor-section-height-default\" data-id=\"5eff66a2\" data-element_type=\"section\">\n\t\t\t\t\t\t<div class=\"elementor-container elementor-column-gap-no\">\n\t\t\t\t\t<div class=\"elementor-column elementor-col-100 elementor-top-column elementor-element elementor-element-44e42984\" data-id=\"44e42984\" data-element_type=\"column\">\n\t\t\t<div class=\"elementor-widget-wrap elementor-element-populated\">\n\t\t\t\t\t\t<div class=\"elementor-element elementor-element-505f04a elementor-widget-divider--view-line elementor-widget elementor-widget-divider\" data-id=\"505f04a\" data-element_type=\"widget\" data-widget_type=\"divider.default\">\n\t\t\t\t<div class=\"elementor-widget-container\">\n\t\t\t\t\t<div class=\"elementor-divider\">\n\t\t\t<span class=\"elementor-divider-separator\">\n\t\t\t\t\t\t<\/span>\n\t\t<\/div>\n\t\t\t\t<\/div>\n\t\t\t\t<\/div>\n\t\t\t\t<div class=\"elementor-element elementor-element-696ff27d elementor-widget elementor-widget-heading\" data-id=\"696ff27d\" data-element_type=\"widget\" data-widget_type=\"heading.default\">\n\t\t\t\t<div class=\"elementor-widget-container\">\n\t\t\t<h4 class=\"elementor-heading-title elementor-size-default\">Explore Krk<\/h4>\t\t<\/div>\n\t\t\t\t<\/div>\n\t\t\t\t<section class=\"elementor-section elementor-inner-section elementor-element elementor-element-1b035245 elementor-section-content-middle elementor-section-boxed elementor-section-height-default elementor-section-height-default\" data-id=\"1b035245\" data-element_type=\"section\">\n\t\t\t\t\t\t<div class=\"elementor-container elementor-column-gap-no\">\n\t\t\t\t\t<div class=\"elementor-column elementor-col-33 elementor-inner-column elementor-element elementor-element-589a136b\" data-id=\"589a136b\" data-element_type=\"column\">\n\t\t\t<div class=\"elementor-widget-wrap elementor-element-populated\">\n\t\t\t\t\t\t<div class=\"elementor-element elementor-element-3b7b3ce1 elementor-widget elementor-widget-image\" data-id=\"3b7b3ce1\" data-element_type=\"widget\" data-widget_type=\"image.default\">\n\t\t\t\t<div class=\"elementor-widget-container\">\n\t\t\t\t\t\t\t\t\t\t\t\t\t<img fetchpriority=\"high\" decoding=\"async\" width=\"900\" height=\"675\" src=\"https:\/\/villahaya.com\/wp-content\/uploads\/2022\/12\/1024px-Biserujka_Hohle_2007_Kroatien_112.jpg\" class=\"attachment-large size-large wp-image-5976\" alt=\"\" srcset=\"https:\/\/villahaya.com\/wp-content\/uploads\/2022\/12\/1024px-Biserujka_Hohle_2007_Kroatien_112.jpg 1024w, https:\/\/villahaya.com\/wp-content\/uploads\/2022\/12\/1024px-Biserujka_Hohle_2007_Kroatien_112-300x225.jpg 300w, https:\/\/villahaya.com\/wp-content\/uploads\/2022\/12\/1024px-Biserujka_Hohle_2007_Kroatien_112-768x576.jpg 768w, https:\/\/villahaya.com\/wp-content\/uploads\/2022\/12\/1024px-Biserujka_Hohle_2007_Kroatien_112-16x12.jpg 16w, https:\/\/villahaya.com\/wp-content\/uploads\/2022\/12\/1024px-Biserujka_Hohle_2007_Kroatien_112-950x713.jpg 950w, https:\/\/villahaya.com\/wp-content\/uploads\/2022\/12\/1024px-Biserujka_Hohle_2007_Kroatien_112-800x600.jpg 800w\" sizes=\"(max-width: 900px) 100vw, 900px\" \/>\t\t\t\t\t\t\t\t\t\t\t\t\t<\/div>\n\t\t\t\t<\/div>\n\t\t\t\t\t<\/div>\n\t\t<\/div>\n\t\t\t\t<div class=\"elementor-column elementor-col-33 elementor-inner-column elementor-element elementor-element-1cd19c2f\" data-id=\"1cd19c2f\" data-element_type=\"column\" data-settings=\"{&quot;background_background&quot;:&quot;classic&quot;}\">\n\t\t\t<div class=\"elementor-widget-wrap elementor-element-populated\">\n\t\t\t\t\t<div class=\"elementor-background-overlay\"><\/div>\n\t\t\t\t\t\t<div class=\"elementor-element elementor-element-3a5ff56 elementor-widget elementor-widget-heading\" data-id=\"3a5ff56\" data-element_type=\"widget\" data-widget_type=\"heading.default\">\n\t\t\t\t<div class=\"elementor-widget-container\">\n\t\t\t<h2 class=\"elementor-heading-title elementor-size-default\">Culture and heritage<\/h2>\t\t<\/div>\n\t\t\t\t<\/div>\n\t\t\t\t<div class=\"elementor-element elementor-element-2d636965 elementor-widget elementor-widget-text-editor\" data-id=\"2d636965\" data-element_type=\"widget\" data-widget_type=\"text-editor.default\">\n\t\t\t\t<div class=\"elementor-widget-container\">\n\t\t\t\t\t\t\t<p>Krk is an island of rich cultural and historical heritage that should be experienced. Small, winding streets prevail within the old cores of almost every place on the island, along with parish churches, each one is unique and recognizable.<\/p>\n\t\t\t\t\t\t<\/div>\n\t\t\t\t<\/div>\n\t\t\t\t<div class=\"elementor-element elementor-element-827aa37 elementor-widget elementor-widget-heading\" data-id=\"827aa37\" data-element_type=\"widget\" data-widget_type=\"heading.default\">\n\t\t\t\t<div class=\"elementor-widget-container\">\n\t\t\t<h2 class=\"elementor-heading-title elementor-size-default\"><a href=\"https:\/\/krk.hr\/ponuda\/kultura-bastina\"><u>Find out more<\/u><\/a><\/h2>\t\t<\/div>\n\t\t\t\t<\/div>\n\t\t\t\t\t<\/div>\n\t\t<\/div>\n\t\t\t\t<div class=\"elementor-column elementor-col-33 elementor-inner-column elementor-element elementor-element-1d524de0\" data-id=\"1d524de0\" data-element_type=\"column\" data-settings=\"{&quot;background_background&quot;:&quot;classic&quot;}\">\n\t\t\t<div class=\"elementor-widget-wrap\">\n\t\t\t\t\t\t\t<\/div>\n\t\t<\/div>\n\t\t\t\t\t<\/div>\n\t\t<\/section>\n\t\t\t\t<section class=\"elementor-section elementor-inner-section elementor-element elementor-element-50161797 elementor-section-content-middle elementor-section-boxed elementor-section-height-default elementor-section-height-default\" data-id=\"50161797\" data-element_type=\"section\">\n\t\t\t\t\t\t<div class=\"elementor-container elementor-column-gap-no\">\n\t\t\t\t\t<div class=\"elementor-column elementor-col-33 elementor-inner-column elementor-element elementor-element-5dbecf2e\" data-id=\"5dbecf2e\" data-element_type=\"column\" data-settings=\"{&quot;background_background&quot;:&quot;classic&quot;}\">\n\t\t\t<div class=\"elementor-widget-wrap elementor-element-populated\">\n\t\t\t\t\t<div class=\"elementor-background-overlay\"><\/div>\n\t\t\t\t\t\t<div class=\"elementor-element elementor-element-178dfdbd elementor-widget elementor-widget-heading\" data-id=\"178dfdbd\" data-element_type=\"widget\" data-widget_type=\"heading.default\">\n\t\t\t\t<div class=\"elementor-widget-container\">\n\t\t\t<h2 class=\"elementor-heading-title elementor-size-default\">Geography<\/h2>\t\t<\/div>\n\t\t\t\t<\/div>\n\t\t\t\t<div class=\"elementor-element elementor-element-72c054f5 elementor-widget elementor-widget-text-editor\" data-id=\"72c054f5\" data-element_type=\"widget\" data-widget_type=\"text-editor.default\">\n\t\t\t\t<div class=\"elementor-widget-container\">\n\t\t\t\t\t\t\t<p>The relief is karst, with interesting shapes; caves and caverns (Biserujka near Dobrinje), dolci and skrapa.<\/p>\n\t\t\t\t\t\t<\/div>\n\t\t\t\t<\/div>\n\t\t\t\t<div class=\"elementor-element elementor-element-99df3fe elementor-widget elementor-widget-heading\" data-id=\"99df3fe\" data-element_type=\"widget\" data-widget_type=\"heading.default\">\n\t\t\t\t<div class=\"elementor-widget-container\">\n\t\t\t<h2 class=\"elementor-heading-title elementor-size-default\"><a href=\"https:\/\/krk.hr\/zemljopis\/\"><u>Find out more<\/u><\/a><\/h2>\t\t<\/div>\n\t\t\t\t<\/div>\n\t\t\t\t\t<\/div>\n\t\t<\/div>\n\t\t\t\t<div class=\"elementor-column elementor-col-33 elementor-inner-column elementor-element elementor-element-78dc7734\" data-id=\"78dc7734\" data-element_type=\"column\">\n\t\t\t<div class=\"elementor-widget-wrap elementor-element-populated\">\n\t\t\t\t\t\t<div class=\"elementor-element elementor-element-20c026da elementor-widget elementor-widget-image\" data-id=\"20c026da\" data-element_type=\"widget\" data-widget_type=\"image.default\">\n\t\t\t\t<div class=\"elementor-widget-container\">\n\t\t\t\t\t\t\t\t\t\t\t\t\t<img decoding=\"async\" width=\"640\" height=\"480\" src=\"https:\/\/villahaya.com\/wp-content\/uploads\/2022\/12\/Sveti_Marko-Baska.jpg\" class=\"attachment-large size-large wp-image-5978\" alt=\"\" srcset=\"https:\/\/villahaya.com\/wp-content\/uploads\/2022\/12\/Sveti_Marko-Baska.jpg 640w, https:\/\/villahaya.com\/wp-content\/uploads\/2022\/12\/Sveti_Marko-Baska-300x225.jpg 300w, https:\/\/villahaya.com\/wp-content\/uploads\/2022\/12\/Sveti_Marko-Baska-16x12.jpg 16w\" sizes=\"(max-width: 640px) 100vw, 640px\" \/>\t\t\t\t\t\t\t\t\t\t\t\t\t<\/div>\n\t\t\t\t<\/div>\n\t\t\t\t\t<\/div>\n\t\t<\/div>\n\t\t\t\t<div class=\"elementor-column elementor-col-33 elementor-inner-column elementor-element elementor-element-9d5191e\" data-id=\"9d5191e\" data-element_type=\"column\" data-settings=\"{&quot;background_background&quot;:&quot;classic&quot;}\">\n\t\t\t<div class=\"elementor-widget-wrap elementor-element-populated\">\n\t\t\t\t\t<div class=\"elementor-background-overlay\"><\/div>\n\t\t\t\t\t\t<div class=\"elementor-element elementor-element-75c299ee elementor-widget elementor-widget-heading\" data-id=\"75c299ee\" data-element_type=\"widget\" data-widget_type=\"heading.default\">\n\t\t\t\t<div class=\"elementor-widget-container\">\n\t\t\t<h2 class=\"elementor-heading-title elementor-size-default\">Interesting things<\/h2>\t\t<\/div>\n\t\t\t\t<\/div>\n\t\t\t\t<div class=\"elementor-element elementor-element-36d1cee9 elementor-widget elementor-widget-text-editor\" data-id=\"36d1cee9\" data-element_type=\"widget\" data-widget_type=\"text-editor.default\">\n\t\t\t\t<div class=\"elementor-widget-container\">\n\t\t\t\t\t\t\t<p>Due to its peculiarities, the island of Krk was given the name golden island even in antiquity. In the year 1100. on the island of Krk the Croatian birth certificate Ba\u0161\u0107anska plo\u010da was created.<\/p>\n\t\t\t\t\t\t<\/div>\n\t\t\t\t<\/div>\n\t\t\t\t<div class=\"elementor-element elementor-element-a1f2d39 elementor-widget elementor-widget-heading\" data-id=\"a1f2d39\" data-element_type=\"widget\" data-widget_type=\"heading.default\">\n\t\t\t\t<div class=\"elementor-widget-container\">\n\t\t\t<h2 class=\"elementor-heading-title elementor-size-default\"><a href=\"https:\/\/krk.hr\/zanimljivosti\/\"><u>Find out more<\/u><\/a><\/h2>\t\t<\/div>\n\t\t\t\t<\/div>\n\t\t\t\t\t<\/div>\n\t\t<\/div>\n\t\t\t\t\t<\/div>\n\t\t<\/section>\n\t\t\t\t\t<\/div>\n\t\t<\/div>\n\t\t\t\t\t<\/div>\n\t\t<\/section>\n\t\t\t\t<\/div>","protected":false},"excerpt":{"rendered":"<p>About Krk The island of Krk is the northernmost island in the Mediterranean, located in the Kvarner Bay. It is&#8230; <span class=\"knsl-el-more\"><a href=\"https:\/\/villahaya.com\/en\/about-krk\/\" class=\"knsl-btn\">Read more<\/a><\/span><\/p>","protected":false},"author":1,"featured_media":0,"parent":0,"menu_order":0,"comment_status":"closed","ping_status":"closed","template":"elementor_header_footer","meta":{"footnotes":""},"class_list":["post-5992","page","type-page","status-publish","hentry"],"acf":[],"_links":{"self":[{"href":"https:\/\/villahaya.com\/en\/wp-json\/wp\/v2\/pages\/5992","targetHints":{"allow":["GET"]}}],"collection":[{"href":"https:\/\/villahaya.com\/en\/wp-json\/wp\/v2\/pages"}],"about":[{"href":"https:\/\/villahaya.com\/en\/wp-json\/wp\/v2\/types\/page"}],"author":[{"embeddable":true,"href":"https:\/\/villahaya.com\/en\/wp-json\/wp\/v2\/users\/1"}],"replies":[{"embeddable":true,"href":"https:\/\/villahaya.com\/en\/wp-json\/wp\/v2\/comments?post=5992"}],"version-history":[{"count":18,"href":"https:\/\/villahaya.com\/en\/wp-json\/wp\/v2\/pages\/5992\/revisions"}],"predecessor-version":[{"id":6053,"href":"https:\/\/villahaya.com\/en\/wp-json\/wp\/v2\/pages\/5992\/revisions\/6053"}],"wp:attachment":[{"href":"https:\/\/villahaya.com\/en\/wp-json\/wp\/v2\/media?parent=5992"}],"curies":[{"name":"wp","href":"https:\/\/api.w.org\/{rel}","templated":true}]}}